{"id":6298,"date":"2020-02-13T16:10:24","date_gmt":"2020-02-13T21:10:24","guid":{"rendered":"https:\/\/humance.ca\/?page_id=6298"},"modified":"2025-10-14T15:35:53","modified_gmt":"2025-10-14T19:35:53","slug":"coaching-confirmation-fr","status":"publish","type":"page","link":"https:\/\/humance.ca\/fr\/coaching-confirmation-fr\/","title":{"rendered":"Coaching &#8211; Confirmation FR"},"content":{"rendered":"\t\t<div data-elementor-type=\"wp-post\" data-elementor-id=\"6298\" class=\"elementor elementor-6298 elementor-6297\" data-elementor-post-type=\"page\">\n\t\t\t\t\t\t<section class=\"elementor-section elementor-top-section elementor-element elementor-element-edac3ad elementor-section-height-min-height elementor-section-content-middle elementor-section-boxed elementor-section-height-default elementor-section-items-middle\" data-id=\"edac3ad\" data-element_type=\"section\" data-e-type=\"section\" data-settings=\"{&quot;background_background&quot;:&quot;classic&quot;,&quot;background_image&quot;:{&quot;url&quot;:&quot;https:\\\/\\\/humance.ca\\\/wp-content\\\/uploads\\\/2018\\\/09\\\/motif_produit.png&quot;,&quot;id&quot;:702,&quot;size&quot;:&quot;&quot;,&quot;alt&quot;:&quot;&quot;,&quot;source&quot;:&quot;library&quot;},&quot;jet_parallax_layout_list&quot;:[{&quot;jet_parallax_layout_image&quot;:{&quot;url&quot;:&quot;&quot;,&quot;id&quot;:&quot;&quot;,&quot;size&quot;:&quot;&quot;},&quot;_id&quot;:&quot;2319d74&quot;,&quot;jet_parallax_layout_image_tablet&quot;:{&quot;url&quot;:&quot;&quot;,&quot;id&quot;:&quot;&quot;,&quot;size&quot;:&quot;&quot;},&quot;jet_parallax_layout_image_mobile&quot;:{&quot;url&quot;:&quot;&quot;,&quot;id&quot;:&quot;&quot;,&quot;size&quot;:&quot;&quot;},&quot;jet_parallax_layout_speed&quot;:{&quot;unit&quot;:&quot;%&quot;,&quot;size&quot;:50,&quot;sizes&quot;:[]},&quot;jet_parallax_layout_type&quot;:&quot;scroll&quot;,&quot;jet_parallax_layout_direction&quot;:&quot;1&quot;,&quot;jet_parallax_layout_fx_direction&quot;:null,&quot;jet_parallax_layout_z_index&quot;:&quot;&quot;,&quot;jet_parallax_layout_bg_x&quot;:50,&quot;jet_parallax_layout_bg_x_tablet&quot;:&quot;&quot;,&quot;jet_parallax_layout_bg_x_mobile&quot;:&quot;&quot;,&quot;jet_parallax_layout_bg_y&quot;:50,&quot;jet_parallax_layout_bg_y_tablet&quot;:&quot;&quot;,&quot;jet_parallax_layout_bg_y_mobile&quot;:&quot;&quot;,&quot;jet_parallax_layout_bg_size&quot;:&quot;auto&quot;,&quot;jet_parallax_layout_bg_size_tablet&quot;:&quot;&quot;,&quot;jet_parallax_layout_bg_size_mobile&quot;:&quot;&quot;,&quot;jet_parallax_layout_animation_prop&quot;:&quot;transform&quot;,&quot;jet_parallax_layout_on&quot;:[&quot;desktop&quot;,&quot;tablet&quot;]}],&quot;background_image_tablet&quot;:{&quot;url&quot;:&quot;&quot;,&quot;id&quot;:&quot;&quot;,&quot;size&quot;:&quot;&quot;},&quot;background_image_mobile&quot;:{&quot;url&quot;:&quot;&quot;,&quot;id&quot;:&quot;&quot;,&quot;size&quot;:&quot;&quot;}}\">\n\t\t\t\t\t\t<div class=\"elementor-container elementor-column-gap-wider\">\n\t\t\t\t\t<div class=\"elementor-column elementor-col-100 elementor-top-column elementor-element elementor-element-b95eb9f\" data-id=\"b95eb9f\" data-element_type=\"column\" data-e-type=\"column\">\n\t\t\t<div class=\"elementor-widget-wrap elementor-element-populated\">\n\t\t\t\t\t\t<div class=\"elementor-element elementor-element-1ab77bf elementor-widget elementor-widget-heading\" data-id=\"1ab77bf\" data-element_type=\"widget\" data-e-type=\"widget\" data-widget_type=\"heading.default\">\n\t\t\t\t<div class=\"elementor-widget-container\">\n\t\t\t\t\t<h1 class=\"elementor-heading-title elementor-size-xxl\">Merci<\/h1>\t\t\t\t<\/div>\n\t\t\t\t<\/div>\n\t\t\t\t<div class=\"elementor-element elementor-element-9cb863e elementor-widget elementor-widget-text-editor\" data-id=\"9cb863e\" data-element_type=\"widget\" data-e-type=\"widget\" data-widget_type=\"text-editor.default\">\n\t\t\t\t<div class=\"elementor-widget-container\">\n\t\t\t\t\t\t\t\t\t<h3>Nous avons bien re\u00e7u votre demande d&#8217;information.\u00a0<\/h3><p class=\"p1\">Soyez assur\u00e9(e) que nous vous r\u00e9pondrons dans les plus brefs d\u00e9lais. Nous vous remercions sinc\u00e8rement de l\u2019int\u00e9r\u00eat que vous portez \u00e0 Humance.<\/p><p>Cordialement,<\/p><p class=\"p1\">L\u2019\u00e9quipe Humance<\/p>\t\t\t\t\t\t\t\t<\/div>\n\t\t\t\t<\/div>\n\t\t\t\t<div class=\"elementor-element elementor-element-95dd356 elementor-align-left elementor-widget elementor-widget-button\" data-id=\"95dd356\" data-element_type=\"widget\" data-e-type=\"widget\" data-widget_type=\"button.default\">\n\t\t\t\t<div class=\"elementor-widget-container\">\n\t\t\t\t\t\t\t\t\t<div class=\"elementor-button-wrapper\">\n\t\t\t\t\t<a class=\"elementor-button elementor-button-link elementor-size-sm\" href=\"https:\/\/humance.ca\/fr\/\">\n\t\t\t\t\t\t<span class=\"elementor-button-content-wrapper\">\n\t\t\t\t\t\t\t\t\t<span class=\"elementor-button-text\">Revenir \u00e0 l\u2019accueil<\/span>\n\t\t\t\t\t<\/span>\n\t\t\t\t\t<\/a>\n\t\t\t\t<\/div>\n\t\t\t\t\t\t\t\t<\/div>\n\t\t\t\t<\/div>\n\t\t\t\t\t<\/div>\n\t\t<\/div>\n\t\t\t\t\t<\/div>\n\t\t<\/section>\n\t\t\t\t<\/div>\n\t\t","protected":false},"excerpt":{"rendered":"<p>Merci Nous avons bien re\u00e7u votre demande d&#8217;information. Soyez assur\u00e9(e) que nous vous r\u00e9pondrons dans les plus brefs d\u00e9lais. Nous vous remercions sinc\u00e8rement de l\u2019int\u00e9r\u00eat que vous portez \u00e0 Humance&#8230;. <br \/><a class=\"read-more\" href=\"https:\/\/humance.ca\/fr\/coaching-confirmation-fr\/\">Continuer la lecture<\/a><\/p>\n","protected":false},"author":1,"featured_media":0,"parent":0,"menu_order":0,"comment_status":"closed","ping_status":"closed","template":"elementor_header_footer","meta":{"_acf_changed":false,"inline_featured_image":false,"footnotes":""},"class_list":["post-6298","page","type-page","status-publish","hentry"],"acf":[],"yoast_head":"<!-- This site is optimized with the Yoast SEO plugin v27.4 - https:\/\/yoast.com\/product\/yoast-seo-wordpress\/ -->\n<title>Coaching - Confirmation FR | Humance | Culture &amp; Performance<\/title>\n<meta name=\"description\" content=\"Merci Nous avons bien re\u00e7u votre demande d&#039;information. Soyez assur\u00e9(e) que nous vous r\u00e9pondrons dans les plus brefs d\u00e9lais. Nous vous remercions\" \/>\n<meta name=\"robots\" content=\"noindex, nofollow\" \/>\n<meta property=\"og:locale\" content=\"fr_CA\" \/>\n<meta property=\"og:type\" content=\"article\" \/>\n<meta property=\"og:title\" content=\"Coaching - Confirmation FR | Humance | Culture &amp; Performance\" \/>\n<meta property=\"og:description\" content=\"Merci Nous avons bien re\u00e7u votre demande d&#039;information. Soyez assur\u00e9(e) que nous vous r\u00e9pondrons dans les plus brefs d\u00e9lais. Nous vous remercions\" \/>\n<meta property=\"og:url\" content=\"https:\/\/humance.ca\/fr\/coaching-confirmation-fr\/\" \/>\n<meta property=\"og:site_name\" content=\"Humance\" \/>\n<meta property=\"article:modified_time\" content=\"2025-10-14T19:35:53+00:00\" \/>\n<meta name=\"twitter:card\" content=\"summary_large_image\" \/>\n<script type=\"application\/ld+json\" class=\"yoast-schema-graph\">{\"@context\":\"https:\\\/\\\/schema.org\",\"@graph\":[{\"@type\":\"WebPage\",\"@id\":\"https:\\\/\\\/humance.ca\\\/fr\\\/coaching-confirmation-fr\\\/\",\"url\":\"https:\\\/\\\/humance.ca\\\/fr\\\/coaching-confirmation-fr\\\/\",\"name\":\"Coaching - Confirmation FR | Humance | Culture &amp; Performance\",\"isPartOf\":{\"@id\":\"https:\\\/\\\/humance.ca\\\/fr\\\/#website\"},\"datePublished\":\"2020-02-13T21:10:24+00:00\",\"dateModified\":\"2025-10-14T19:35:53+00:00\",\"description\":\"Merci Nous avons bien re\u00e7u votre demande d'information. Soyez assur\u00e9(e) que nous vous r\u00e9pondrons dans les plus brefs d\u00e9lais. Nous vous remercions\",\"breadcrumb\":{\"@id\":\"https:\\\/\\\/humance.ca\\\/fr\\\/coaching-confirmation-fr\\\/#breadcrumb\"},\"inLanguage\":\"fr-CA\",\"potentialAction\":[{\"@type\":\"ReadAction\",\"target\":[\"https:\\\/\\\/humance.ca\\\/fr\\\/coaching-confirmation-fr\\\/\"]}]},{\"@type\":\"BreadcrumbList\",\"@id\":\"https:\\\/\\\/humance.ca\\\/fr\\\/coaching-confirmation-fr\\\/#breadcrumb\",\"itemListElement\":[{\"@type\":\"ListItem\",\"position\":1,\"name\":\"Home\",\"item\":\"https:\\\/\\\/humance.ca\\\/fr\\\/\"},{\"@type\":\"ListItem\",\"position\":2,\"name\":\"Coaching &#8211; Confirmation FR\"}]},{\"@type\":\"WebSite\",\"@id\":\"https:\\\/\\\/humance.ca\\\/fr\\\/#website\",\"url\":\"https:\\\/\\\/humance.ca\\\/fr\\\/\",\"name\":\"Humance\",\"description\":\"Culture &amp; Performance\",\"publisher\":{\"@id\":\"https:\\\/\\\/humance.ca\\\/fr\\\/#organization\"},\"potentialAction\":[{\"@type\":\"SearchAction\",\"target\":{\"@type\":\"EntryPoint\",\"urlTemplate\":\"https:\\\/\\\/humance.ca\\\/fr\\\/?s={search_term_string}\"},\"query-input\":{\"@type\":\"PropertyValueSpecification\",\"valueRequired\":true,\"valueName\":\"search_term_string\"}}],\"inLanguage\":\"fr-CA\"},{\"@type\":\"Organization\",\"@id\":\"https:\\\/\\\/humance.ca\\\/fr\\\/#organization\",\"name\":\"Humance\",\"url\":\"https:\\\/\\\/humance.ca\\\/fr\\\/\",\"logo\":{\"@type\":\"ImageObject\",\"inLanguage\":\"fr-CA\",\"@id\":\"https:\\\/\\\/humance.ca\\\/fr\\\/#\\\/schema\\\/logo\\\/image\\\/\",\"url\":\"https:\\\/\\\/humance.ca\\\/wp-content\\\/uploads\\\/2018\\\/08\\\/LOGO_Humance_Tagline.png\",\"contentUrl\":\"https:\\\/\\\/humance.ca\\\/wp-content\\\/uploads\\\/2018\\\/08\\\/LOGO_Humance_Tagline.png\",\"width\":604,\"height\":200,\"caption\":\"Humance\"},\"image\":{\"@id\":\"https:\\\/\\\/humance.ca\\\/fr\\\/#\\\/schema\\\/logo\\\/image\\\/\"}}]}<\/script>\n<!-- \/ Yoast SEO plugin. -->","yoast_head_json":{"title":"Coaching - Confirmation FR | Humance | Culture &amp; Performance","description":"Merci Nous avons bien re\u00e7u votre demande d'information. Soyez assur\u00e9(e) que nous vous r\u00e9pondrons dans les plus brefs d\u00e9lais. Nous vous remercions","robots":{"index":"noindex","follow":"nofollow"},"og_locale":"fr_CA","og_type":"article","og_title":"Coaching - Confirmation FR | Humance | Culture &amp; Performance","og_description":"Merci Nous avons bien re\u00e7u votre demande d'information. Soyez assur\u00e9(e) que nous vous r\u00e9pondrons dans les plus brefs d\u00e9lais. Nous vous remercions","og_url":"https:\/\/humance.ca\/fr\/coaching-confirmation-fr\/","og_site_name":"Humance","article_modified_time":"2025-10-14T19:35:53+00:00","twitter_card":"summary_large_image","schema":{"@context":"https:\/\/schema.org","@graph":[{"@type":"WebPage","@id":"https:\/\/humance.ca\/fr\/coaching-confirmation-fr\/","url":"https:\/\/humance.ca\/fr\/coaching-confirmation-fr\/","name":"Coaching - Confirmation FR | Humance | Culture &amp; Performance","isPartOf":{"@id":"https:\/\/humance.ca\/fr\/#website"},"datePublished":"2020-02-13T21:10:24+00:00","dateModified":"2025-10-14T19:35:53+00:00","description":"Merci Nous avons bien re\u00e7u votre demande d'information. Soyez assur\u00e9(e) que nous vous r\u00e9pondrons dans les plus brefs d\u00e9lais. Nous vous remercions","breadcrumb":{"@id":"https:\/\/humance.ca\/fr\/coaching-confirmation-fr\/#breadcrumb"},"inLanguage":"fr-CA","potentialAction":[{"@type":"ReadAction","target":["https:\/\/humance.ca\/fr\/coaching-confirmation-fr\/"]}]},{"@type":"BreadcrumbList","@id":"https:\/\/humance.ca\/fr\/coaching-confirmation-fr\/#breadcrumb","itemListElement":[{"@type":"ListItem","position":1,"name":"Home","item":"https:\/\/humance.ca\/fr\/"},{"@type":"ListItem","position":2,"name":"Coaching &#8211; Confirmation FR"}]},{"@type":"WebSite","@id":"https:\/\/humance.ca\/fr\/#website","url":"https:\/\/humance.ca\/fr\/","name":"Humance","description":"Culture &amp; Performance","publisher":{"@id":"https:\/\/humance.ca\/fr\/#organization"},"potentialAction":[{"@type":"SearchAction","target":{"@type":"EntryPoint","urlTemplate":"https:\/\/humance.ca\/fr\/?s={search_term_string}"},"query-input":{"@type":"PropertyValueSpecification","valueRequired":true,"valueName":"search_term_string"}}],"inLanguage":"fr-CA"},{"@type":"Organization","@id":"https:\/\/humance.ca\/fr\/#organization","name":"Humance","url":"https:\/\/humance.ca\/fr\/","logo":{"@type":"ImageObject","inLanguage":"fr-CA","@id":"https:\/\/humance.ca\/fr\/#\/schema\/logo\/image\/","url":"https:\/\/humance.ca\/wp-content\/uploads\/2018\/08\/LOGO_Humance_Tagline.png","contentUrl":"https:\/\/humance.ca\/wp-content\/uploads\/2018\/08\/LOGO_Humance_Tagline.png","width":604,"height":200,"caption":"Humance"},"image":{"@id":"https:\/\/humance.ca\/fr\/#\/schema\/logo\/image\/"}}]}},"_links":{"self":[{"href":"https:\/\/humance.ca\/fr\/wp-json\/wp\/v2\/pages\/6298","targetHints":{"allow":["GET"]}}],"collection":[{"href":"https:\/\/humance.ca\/fr\/wp-json\/wp\/v2\/pages"}],"about":[{"href":"https:\/\/humance.ca\/fr\/wp-json\/wp\/v2\/types\/page"}],"author":[{"embeddable":true,"href":"https:\/\/humance.ca\/fr\/wp-json\/wp\/v2\/users\/1"}],"replies":[{"embeddable":true,"href":"https:\/\/humance.ca\/fr\/wp-json\/wp\/v2\/comments?post=6298"}],"version-history":[{"count":10,"href":"https:\/\/humance.ca\/fr\/wp-json\/wp\/v2\/pages\/6298\/revisions"}],"predecessor-version":[{"id":55875,"href":"https:\/\/humance.ca\/fr\/wp-json\/wp\/v2\/pages\/6298\/revisions\/55875"}],"wp:attachment":[{"href":"https:\/\/humance.ca\/fr\/wp-json\/wp\/v2\/media?parent=6298"}],"curies":[{"name":"wp","href":"https:\/\/api.w.org\/{rel}","templated":true}]}}